{"id":1956,"date":"2026-04-14T11:40:49","date_gmt":"2026-04-14T14:40:49","guid":{"rendered":"https:\/\/bienaldelchaco.org\/2026\/?page_id=1956"},"modified":"2026-04-14T13:43:46","modified_gmt":"2026-04-14T16:43:46","slug":"muestras-individuales-y-colectivas","status":"publish","type":"page","link":"https:\/\/bienaldelchaco.org\/2026\/muestras-individuales-y-colectivas\/","title":{"rendered":"Muestras Individuales y Colectivas"},"content":{"rendered":"<div class=\"wpb-content-wrapper\"><p>[vc_row css_animation=&#8221;&#8221; row_type=&#8221;row&#8221; use_row_as_full_screen_section=&#8221;no&#8221; type=&#8221;full_width&#8221; angled_section=&#8221;no&#8221; text_align=&#8221;left&#8221; background_image_as_pattern=&#8221;without_pattern&#8221;][vc_column]\n\t\t\t\t<p class=\"rs-p-wp-fix\"><\/p>\n\t\t\t\t<sr7-module data-alias=\"Slider-Muestras-Individuales-y-Colectivas\" data-id=\"13\" id=\"SR7_13_1\" class=\"rs-ov-hidden\" data-version=\"6.7.32\">\n\t\t\t\t\t<sr7-adjuster><\/sr7-adjuster>\n\t\t\t\t\t<sr7-content>\n\t\t\t\t\t\t<sr7-slide id=\"SR7_13_1-26\" data-key=\"26\">\n\t\t\t\t\t\t\t<sr7-bg id=\"SR7_13_1-26-1\" class=\"sr7-layer\"><noscript><img decoding=\"async\" src=\"https:\/\/bienaldelchaco.org\/2026\/wp-content\/uploads\/2025\/05\/slide-fonden-scaled.jpg\" alt=\"\" title=\"slide fonden\"><\/noscript><\/sr7-bg>\n\t\t\t\t\t\t<\/sr7-slide>\n\t\t\t\t\t\t<sr7-slide id=\"SR7_13_1-27\" data-key=\"27\">\n\t\t\t\t\t\t<\/sr7-slide>\n\t\t\t\t\t<\/sr7-content>\n\t\t\t\t\t<image_lists style=\"display:none\">\n\t\t\t\t\t\t<img data-src=\"\/\/bienaldelchaco.org\/2026\/wp-content\/uploads\/2026\/04\/B26-Muestras-Individuales-y-Colectivas-Slide-web.jpg\" data-libid=\"2088\" data-lib=\"medialibrary\" title=\"B26-Muestras Individuales y Colectivas-Slide-web\" width=\"0\" height=\"0\" data-dbsrc=\"Ly9iaWVuYWxkZWxjaGFjby5vcmcvMjAyNi93cC1jb250ZW50L3VwbG9hZHMvMjAyNi8wNC9CMjYtTXVlc3RyYXMtSW5kaXZpZHVhbGVzLXktQ29sZWN0aXZhcy1TbGlkZS13ZWIuanBn\"\/>\n\t\t\t\t\t\t<img data-src=\"\/\/bienaldelchaco.org\/2026\/wp-content\/uploads\/2025\/05\/slide-fonden-scaled.jpg\" data-libid=\"300\" data-lib=\"medialibrary\" title=\"slide fonden\" width=\"0\" height=\"0\" data-dbsrc=\"Ly9iaWVuYWxkZWxjaGFjby5vcmcvMjAyNi93cC1jb250ZW50L3VwbG9hZHMvMjAyNS8wNS9zbGlkZS1mb25kZW4tc2NhbGVkLmpwZw==\"\/>\n\t\t\t\t\t<\/image_lists>\n\t\t\t\t<\/sr7-module>\n\t\t\t\t<script>\n\t\t\t\t\tSR7.PMH ??={}; SR7.PMH[\"SR7_13_1\"] = {cn:100,state:false,fn: function() { if (_tpt!==undefined && _tpt.prepareModuleHeight !== undefined) {  _tpt.prepareModuleHeight({id:\"SR7_13_1\",el:[799.992,799.992,799.992,799.992,625],type:'standard',shdw:'0',gh:[800,800,800,800,625],gw:[1920,1920,1920,1920,1200],vpt:['-100px&#039;,&#039;-100px&#039;,&#039;-100px&#039;,&#039;-100px&#039;,&#039;-100px'],size:{fullWidth:true, fullHeight:false},mh:'0',onh:0,onw:0,bg:{color:'{\"orig\":\"transparent\",\"type\":\"solid\",\"string\":\"transparent\"}'}});   SR7.PMH[\"SR7_13_1\"].state=true;} else if(SR7.PMH[\"SR7_13_1\"].cn-->0)\tsetTimeout( SR7.PMH[\"SR7_13_1\"].fn,19);}};SR7.PMH[\"SR7_13_1\" ].fn();\n\t\t\t\t<\/script>\n[vc_empty_space height=&#8221;65px&#8221;][\/vc_column][\/vc_row][vc_row css_animation=&#8221;element_from_fade&#8221; row_type=&#8221;row&#8221; use_row_as_full_screen_section=&#8221;no&#8221; type=&#8221;full_width&#8221; angled_section=&#8221;no&#8221; text_align=&#8221;left&#8221; background_image_as_pattern=&#8221;without_pattern&#8221; z_index=&#8221;&#8221;][vc_column][vc_row_inner row_type=&#8221;row&#8221; type=&#8221;grid&#8221; text_align=&#8221;left&#8221; css_animation=&#8221;element_from_right&#8221;][vc_column_inner][vc_column_text css=&#8221;&#8221;]<span style=\"font-family: Mulish; font-size: 16px; font-weight: 100; color: #e52a1c;\"><span style=\"color: #808080;\">Home\u00a0 |\u00a0 Muestras Individuales y Colectivas<\/span><br \/>\n<\/span>[\/vc_column_text][vc_empty_space height=&#8221;20px&#8221;][vc_raw_html css=&#8221;&#8221;]JTNDZGl2JTIwc3R5bGUlM0QlMjJ0ZXh0LWFsaWduJTNBbGVmdCUzQiUyMiUzRSUwRCUwQSUyMCUyMCUzQ2ltZyUyMCUwRCUwQSUyMCUyMCUyMCUyMHNyYyUzRCUyMmh0dHBzJTNBJTJGJTJGYmllbmFsZGVsY2hhY28ub3JnJTJGMjAyNiUyRndwLWNvbnRlbnQlMkZ1cGxvYWRzJTJGMjAyNiUyRjA0JTJGaWNvbm8tbXVlc3RyYXMtY29sZWN0aXZhcy5zdmclMjIlMjAlMEQlMEElMjAlMjAlMjAlMjBhbHQlM0QlMjJNdWVzdHJhcyUyMEluZGl2aWR1YWxlcyUyMHklMjBDb2xlY3RpdmFzJTIyJTBEJTBBJTIwJTIwJTIwJTIwc3R5bGUlM0QlMjJtYXgtd2lkdGglM0E2MCUyNSUzQiUyMGhlaWdodCUzQWF1dG8lM0IlMjIlMEQlMEElMjAlMjAlM0UlMEQlMEElM0MlMkZkaXYlM0U=[\/vc_raw_html][vc_empty_space height=&#8221;20px&#8221;][vc_column_text css=&#8221;&#8221;]<span style=\"font-family: Mulish; font-size: 28px; font-weight: bold; color: #e52a1c;\">Muestras Individuales y Colectivas<br \/>\n<\/span>[\/vc_column_text][vc_column_text css=&#8221;&#8221;]<span style=\"font-family: Mulish; font-size: 29px; font-weight: 300; color: #e52a1c;\"><span style=\"color: #000000;\">17 al 26 de Julio 2026<\/span><br \/>\n<\/span>[\/vc_column_text][vc_separator type=&#8221;small&#8221; position=&#8221;left&#8221; color=&#8221;#E52A1C&#8221; width=&#8221;20&#8243; up=&#8221;25&#8243; thickness=&#8221;3&#8243;][vc_empty_space height=&#8221;35px&#8221;][vc_column_text css=&#8221;&#8221;]<\/p>\n<p style=\"text-align: left; font-size: 18px; margin-bottom: 15px;\"><span style=\"font-weight: 400;\">Muestras colectivas proponen <strong>un amplio panorama de la producci\u00f3n escult\u00f3rica<\/strong>, reuniendo obras de los artistas que nos visitan desde distintos pa\u00edses y de sus pares de la Asociaci\u00f3n de Escultores Chaque\u00f1os.<br \/>\n<\/span><\/p>\n<p style=\"text-align: left; font-size: 18px; margin-bottom: 15px;\"><span style=\"font-weight: 400;\">La programaci\u00f3n incluir\u00e1 adem\u00e1s muestras homenaje dedicadas a grandes referentes de la escultura del siglo XX, en reconocimiento a su trayectoria y legado.<\/span><\/p>\n<p>[\/vc_column_text][vc_empty_space height=&#8221;65px&#8221;][\/vc_column_inner][\/vc_row_inner][\/vc_column][\/vc_row][vc_row css_animation=&#8221;&#8221; row_type=&#8221;row&#8221; use_row_as_full_screen_section=&#8221;no&#8221; type=&#8221;full_width&#8221; angled_section=&#8221;no&#8221; text_align=&#8221;left&#8221; background_image_as_pattern=&#8221;without_pattern&#8221; z_index=&#8221;&#8221;][vc_column][vc_row_inner row_type=&#8221;row&#8221; type=&#8221;grid&#8221; text_align=&#8221;left&#8221; css_animation=&#8221;element_from_fade&#8221;][vc_column_inner width=&#8221;1\/3&#8243;][\/vc_column_inner][vc_column_inner width=&#8221;1\/3&#8243;][vc_raw_html css=&#8221;&#8221;]JTNDdmlkZW8lMjB3aWR0aCUzRCUyMjEwMCUyNSUyMiUyMGF1dG9wbGF5JTIwbXV0ZWQlMjBsb29wJTIwcGxheXNpbmxpbmUlM0UlMEQlMEElMjAlMjAlM0Nzb3VyY2UlMjBzcmMlM0QlMjJodHRwcyUzQSUyRiUyRmJpZW5hbGRlbGNoYWNvLm9yZyUyRjIwMjYlMkZ3cC1jb250ZW50JTJGdXBsb2FkcyUyRjIwMjYlMkYwNCUyRkljb25vLUdsYXNzLU11ZXN0cmFzLndlYm0lMjIlMjB0eXBlJTNEJTIydmlkZW8lMkZ3ZWJtJTIyJTNFJTBEJTBBJTIwJTIwVHUlMjBuYXZlZ2Fkb3IlMjBubyUyMHNvcG9ydGElMjB2aWRlbyUyMEhUTUw1LiUwRCUwQSUzQyUyRnZpZGVvJTNF[\/vc_raw_html][\/vc_column_inner][vc_column_inner width=&#8221;1\/3&#8243;][\/vc_column_inner][\/vc_row_inner][vc_empty_space height=&#8221;40px&#8221;][vc_row_inner row_type=&#8221;row&#8221; type=&#8221;grid&#8221; text_align=&#8221;left&#8221; css_animation=&#8221;&#8221;][vc_column_inner][vc_single_image image=&#8221;2004&#8243; img_size=&#8221;full&#8221; alignment=&#8221;center&#8221; css=&#8221;&#8221; qode_css_animation=&#8221;element_from_bottom&#8221;][\/vc_column_inner][\/vc_row_inner][vc_empty_space height=&#8221;30px&#8221;][\/vc_column][\/vc_row]<\/p>\n<\/div>","protected":false},"excerpt":{"rendered":"<p>[vc_row css_animation=&#8221;&#8221; row_type=&#8221;row&#8221; use_row_as_full_screen_section=&#8221;no&#8221; type=&#8221;full_width&#8221; angled_section=&#8221;no&#8221; text_align=&#8221;left&#8221; background_image_as_pattern=&#8221;without_pattern&#8221;][vc_column][vc_empty_space height=&#8221;65px&#8221;][\/vc_column][\/vc_row][vc_row css_animation=&#8221;element_from_fade&#8221; row_type=&#8221;row&#8221; use_row_as_full_screen_section=&#8221;no&#8221; type=&#8221;full_width&#8221; angled_section=&#8221;no&#8221; text_align=&#8221;left&#8221; background_image_as_pattern=&#8221;without_pattern&#8221; z_index=&#8221;&#8221;][vc_column][vc_row_inner row_type=&#8221;row&#8221; type=&#8221;grid&#8221; text_align=&#8221;left&#8221; css_animation=&#8221;element_from_right&#8221;][vc_column_inner][vc_column_text css=&#8221;&#8221;]Home\u00a0 |\u00a0 Muestras Individuales y Colectivas [\/vc_column_text][vc_empty_space height=&#8221;20px&#8221;][vc_raw_html css=&#8221;&#8221;]JTNDZGl2JTIwc3R5bGUlM0QlMjJ0ZXh0LWFsaWduJTNBbGVmdCUzQiUyMiUzRSUwRCUwQSUyMCUyMCUzQ2ltZyUyMCUwRCUwQSUyMCUyMCUyMCUyMHNyYyUzRCUyMmh0dHBzJTNBJTJGJTJGYmllbmFsZGVsY2hhY28ub3JnJTJGMjAyNiUyRndwLWNvbnRlbnQlMkZ1cGxvYWRzJTJGMjAyNiUyRjA0JTJGaWNvbm8tbXVlc3RyYXMtY29sZWN0aXZhcy5zdmclMjIlMjAlMEQlMEElMjAlMjAlMjAlMjBhbHQlM0QlMjJNdWVzdHJhcyUyMEluZGl2aWR1YWxlcyUyMHklMjBDb2xlY3RpdmFzJTIyJTBEJTBBJTIwJTIwJTIwJTIwc3R5bGUlM0QlMjJtYXgtd2lkdGglM0E2MCUyNSUzQiUyMGhlaWdodCUzQWF1dG8lM0IlMjIlMEQlMEElMjAlMjAlM0UlMEQlMEElM0MlMkZkaXYlM0U=[\/vc_raw_html][vc_empty_space height=&#8221;20px&#8221;][vc_column_text css=&#8221;&#8221;]Muestras Individuales y Colectivas [\/vc_column_text][vc_column_text css=&#8221;&#8221;]17 al 26 de Julio 2026 [\/vc_column_text][vc_separator type=&#8221;small&#8221; position=&#8221;left&#8221;&#8230;<\/p>\n","protected":false},"author":1,"featured_media":0,"parent":0,"menu_order":0,"comment_status":"closed","ping_status":"closed","template":"full_width.php","meta":{"footnotes":""},"class_list":["post-1956","page","type-page","status-publish","hentry"],"yoast_head":"<!-- This site is optimized with the Yoast SEO plugin v25.6 - https:\/\/yoast.com\/wordpress\/plugins\/seo\/ -->\n<title>Muestras Individuales y Colectivas - Bienal del Chaco<\/title>\n<meta name=\"robots\" content=\"index, follow, max-snippet:-1, max-image-preview:large, max-video-preview:-1\" \/>\n<link rel=\"canonical\" href=\"https:\/\/bienaldelchaco.org\/2026\/muestras-individuales-y-colectivas\/\" \/>\n<meta property=\"og:locale\" content=\"es_ES\" \/>\n<meta property=\"og:type\" content=\"article\" \/>\n<meta property=\"og:title\" content=\"Bienal Internacional de Escultura\" \/>\n<meta property=\"og:description\" content=\"La Bienal del Chaco es una manifestaci\u00f3n internacional de arte contempor\u00e1neo que re\u00fane artistas y pueblo en un mismo espacio, conectando de manera potente a la gente con el arte y la naturaleza.\" \/>\n<meta property=\"og:url\" content=\"https:\/\/bienaldelchaco.org\/2026\/muestras-individuales-y-colectivas\/\" \/>\n<meta property=\"og:site_name\" content=\"Bienal del Chaco\" \/>\n<meta property=\"article:publisher\" content=\"https:\/\/www.facebook.com\/bienaldelchaco\" \/>\n<meta property=\"article:modified_time\" content=\"2026-04-14T16:43:46+00:00\" \/>\n<meta property=\"og:image\" content=\"https:\/\/bienaldelchaco.org\/2026\/wp-content\/uploads\/2025\/06\/Bienal-2026-Share.jpg\" \/>\n\t<meta property=\"og:image:width\" content=\"1200\" \/>\n\t<meta property=\"og:image:height\" content=\"630\" \/>\n\t<meta property=\"og:image:type\" content=\"image\/jpeg\" \/>\n<meta name=\"twitter:card\" content=\"summary_large_image\" \/>\n<meta name=\"twitter:title\" content=\"Bienal Internacional de Escultura\" \/>\n<meta name=\"twitter:description\" content=\"La Bienal del Chaco es una manifestaci\u00f3n internacional de arte contempor\u00e1neo que re\u00fane artistas y pueblo en un mismo espacio, conectando de manera potente a la gente con el arte y la naturaleza.\" \/>\n<meta name=\"twitter:image\" content=\"https:\/\/bienaldelchaco.org\/2026\/wp-content\/uploads\/2025\/06\/Bienal-2026-Share.jpg\" \/>\n<meta name=\"twitter:site\" content=\"@bienaldelchaco\" \/>\n<meta name=\"twitter:label1\" content=\"Tiempo de lectura\" \/>\n\t<meta name=\"twitter:data1\" content=\"1 minuto\" \/>\n<script type=\"application\/ld+json\" class=\"yoast-schema-graph\">{\"@context\":\"https:\/\/schema.org\",\"@graph\":[{\"@type\":\"WebPage\",\"@id\":\"https:\/\/bienaldelchaco.org\/2026\/muestras-individuales-y-colectivas\/\",\"url\":\"https:\/\/bienaldelchaco.org\/2026\/muestras-individuales-y-colectivas\/\",\"name\":\"Muestras Individuales y Colectivas - Bienal del Chaco\",\"isPartOf\":{\"@id\":\"https:\/\/bienaldelchaco.org\/2026\/#website\"},\"datePublished\":\"2026-04-14T14:40:49+00:00\",\"dateModified\":\"2026-04-14T16:43:46+00:00\",\"breadcrumb\":{\"@id\":\"https:\/\/bienaldelchaco.org\/2026\/muestras-individuales-y-colectivas\/#breadcrumb\"},\"inLanguage\":\"es-AR\",\"potentialAction\":[{\"@type\":\"ReadAction\",\"target\":[\"https:\/\/bienaldelchaco.org\/2026\/muestras-individuales-y-colectivas\/\"]}]},{\"@type\":\"BreadcrumbList\",\"@id\":\"https:\/\/bienaldelchaco.org\/2026\/muestras-individuales-y-colectivas\/#breadcrumb\",\"itemListElement\":[{\"@type\":\"ListItem\",\"position\":1,\"name\":\"Inicio\",\"item\":\"https:\/\/bienaldelchaco.org\/2026\/\"},{\"@type\":\"ListItem\",\"position\":2,\"name\":\"Muestras Individuales y Colectivas\"}]},{\"@type\":\"WebSite\",\"@id\":\"https:\/\/bienaldelchaco.org\/2026\/#website\",\"url\":\"https:\/\/bienaldelchaco.org\/2026\/\",\"name\":\"Bienal del Chaco\",\"description\":\"\",\"publisher\":{\"@id\":\"https:\/\/bienaldelchaco.org\/2026\/#organization\"},\"potentialAction\":[{\"@type\":\"SearchAction\",\"target\":{\"@type\":\"EntryPoint\",\"urlTemplate\":\"https:\/\/bienaldelchaco.org\/2026\/?s={search_term_string}\"},\"query-input\":{\"@type\":\"PropertyValueSpecification\",\"valueRequired\":true,\"valueName\":\"search_term_string\"}}],\"inLanguage\":\"es-AR\"},{\"@type\":\"Organization\",\"@id\":\"https:\/\/bienaldelchaco.org\/2026\/#organization\",\"name\":\"Bienal del Chaco\",\"url\":\"https:\/\/bienaldelchaco.org\/2026\/\",\"logo\":{\"@type\":\"ImageObject\",\"inLanguage\":\"es-AR\",\"@id\":\"https:\/\/bienaldelchaco.org\/2026\/#\/schema\/logo\/image\/\",\"url\":\"https:\/\/bienaldelchaco.org\/2026\/wp-content\/uploads\/2025\/04\/web-logo-2026.png\",\"contentUrl\":\"https:\/\/bienaldelchaco.org\/2026\/wp-content\/uploads\/2025\/04\/web-logo-2026.png\",\"width\":145,\"height\":50,\"caption\":\"Bienal del Chaco\"},\"image\":{\"@id\":\"https:\/\/bienaldelchaco.org\/2026\/#\/schema\/logo\/image\/\"},\"sameAs\":[\"https:\/\/www.facebook.com\/bienaldelchaco\",\"https:\/\/x.com\/bienaldelchaco\",\"https:\/\/www.instagram.com\/bienaldelchaco\/\",\"https:\/\/www.youtube.com\/BienaldelChaco\"]}]}<\/script>\n<!-- \/ Yoast SEO plugin. -->","yoast_head_json":{"title":"Muestras Individuales y Colectivas - Bienal del Chaco","robots":{"index":"index","follow":"follow","max-snippet":"max-snippet:-1","max-image-preview":"max-image-preview:large","max-video-preview":"max-video-preview:-1"},"canonical":"https:\/\/bienaldelchaco.org\/2026\/muestras-individuales-y-colectivas\/","og_locale":"es_ES","og_type":"article","og_title":"Bienal Internacional de Escultura","og_description":"La Bienal del Chaco es una manifestaci\u00f3n internacional de arte contempor\u00e1neo que re\u00fane artistas y pueblo en un mismo espacio, conectando de manera potente a la gente con el arte y la naturaleza.","og_url":"https:\/\/bienaldelchaco.org\/2026\/muestras-individuales-y-colectivas\/","og_site_name":"Bienal del Chaco","article_publisher":"https:\/\/www.facebook.com\/bienaldelchaco","article_modified_time":"2026-04-14T16:43:46+00:00","og_image":[{"width":1200,"height":630,"url":"https:\/\/bienaldelchaco.org\/2026\/wp-content\/uploads\/2025\/06\/Bienal-2026-Share.jpg","type":"image\/jpeg"}],"twitter_card":"summary_large_image","twitter_title":"Bienal Internacional de Escultura","twitter_description":"La Bienal del Chaco es una manifestaci\u00f3n internacional de arte contempor\u00e1neo que re\u00fane artistas y pueblo en un mismo espacio, conectando de manera potente a la gente con el arte y la naturaleza.","twitter_image":"https:\/\/bienaldelchaco.org\/2026\/wp-content\/uploads\/2025\/06\/Bienal-2026-Share.jpg","twitter_site":"@bienaldelchaco","twitter_misc":{"Tiempo de lectura":"1 minuto"},"schema":{"@context":"https:\/\/schema.org","@graph":[{"@type":"WebPage","@id":"https:\/\/bienaldelchaco.org\/2026\/muestras-individuales-y-colectivas\/","url":"https:\/\/bienaldelchaco.org\/2026\/muestras-individuales-y-colectivas\/","name":"Muestras Individuales y Colectivas - Bienal del Chaco","isPartOf":{"@id":"https:\/\/bienaldelchaco.org\/2026\/#website"},"datePublished":"2026-04-14T14:40:49+00:00","dateModified":"2026-04-14T16:43:46+00:00","breadcrumb":{"@id":"https:\/\/bienaldelchaco.org\/2026\/muestras-individuales-y-colectivas\/#breadcrumb"},"inLanguage":"es-AR","potentialAction":[{"@type":"ReadAction","target":["https:\/\/bienaldelchaco.org\/2026\/muestras-individuales-y-colectivas\/"]}]},{"@type":"BreadcrumbList","@id":"https:\/\/bienaldelchaco.org\/2026\/muestras-individuales-y-colectivas\/#breadcrumb","itemListElement":[{"@type":"ListItem","position":1,"name":"Inicio","item":"https:\/\/bienaldelchaco.org\/2026\/"},{"@type":"ListItem","position":2,"name":"Muestras Individuales y Colectivas"}]},{"@type":"WebSite","@id":"https:\/\/bienaldelchaco.org\/2026\/#website","url":"https:\/\/bienaldelchaco.org\/2026\/","name":"Bienal del Chaco","description":"","publisher":{"@id":"https:\/\/bienaldelchaco.org\/2026\/#organization"},"potentialAction":[{"@type":"SearchAction","target":{"@type":"EntryPoint","urlTemplate":"https:\/\/bienaldelchaco.org\/2026\/?s={search_term_string}"},"query-input":{"@type":"PropertyValueSpecification","valueRequired":true,"valueName":"search_term_string"}}],"inLanguage":"es-AR"},{"@type":"Organization","@id":"https:\/\/bienaldelchaco.org\/2026\/#organization","name":"Bienal del Chaco","url":"https:\/\/bienaldelchaco.org\/2026\/","logo":{"@type":"ImageObject","inLanguage":"es-AR","@id":"https:\/\/bienaldelchaco.org\/2026\/#\/schema\/logo\/image\/","url":"https:\/\/bienaldelchaco.org\/2026\/wp-content\/uploads\/2025\/04\/web-logo-2026.png","contentUrl":"https:\/\/bienaldelchaco.org\/2026\/wp-content\/uploads\/2025\/04\/web-logo-2026.png","width":145,"height":50,"caption":"Bienal del Chaco"},"image":{"@id":"https:\/\/bienaldelchaco.org\/2026\/#\/schema\/logo\/image\/"},"sameAs":["https:\/\/www.facebook.com\/bienaldelchaco","https:\/\/x.com\/bienaldelchaco","https:\/\/www.instagram.com\/bienaldelchaco\/","https:\/\/www.youtube.com\/BienaldelChaco"]}]}},"_links":{"self":[{"href":"https:\/\/bienaldelchaco.org\/2026\/wp-json\/wp\/v2\/pages\/1956","targetHints":{"allow":["GET"]}}],"collection":[{"href":"https:\/\/bienaldelchaco.org\/2026\/wp-json\/wp\/v2\/pages"}],"about":[{"href":"https:\/\/bienaldelchaco.org\/2026\/wp-json\/wp\/v2\/types\/page"}],"author":[{"embeddable":true,"href":"https:\/\/bienaldelchaco.org\/2026\/wp-json\/wp\/v2\/users\/1"}],"replies":[{"embeddable":true,"href":"https:\/\/bienaldelchaco.org\/2026\/wp-json\/wp\/v2\/comments?post=1956"}],"version-history":[{"count":11,"href":"https:\/\/bienaldelchaco.org\/2026\/wp-json\/wp\/v2\/pages\/1956\/revisions"}],"predecessor-version":[{"id":2011,"href":"https:\/\/bienaldelchaco.org\/2026\/wp-json\/wp\/v2\/pages\/1956\/revisions\/2011"}],"wp:attachment":[{"href":"https:\/\/bienaldelchaco.org\/2026\/wp-json\/wp\/v2\/media?parent=1956"}],"curies":[{"name":"wp","href":"https:\/\/api.w.org\/{rel}","templated":true}]}}